{"id":18,"date":"2018-03-22T10:12:17","date_gmt":"2018-03-22T10:12:17","guid":{"rendered":"https:\/\/gal.uni-ak.ac.at\/?page_id=18"},"modified":"2018-03-22T10:12:17","modified_gmt":"2018-03-22T10:12:17","slug":"downloads","status":"publish","type":"page","link":"https:\/\/gender.dieangewandte.at\/?page_id=18","title":{"rendered":"Downloads"},"content":{"rendered":"<p><strong>Texte aus dem GAL:<\/strong><strong>Texte zum Vortrag von VAss.in Mag.a Veronika Schnell zu Kybernetik und Gender<\/strong><br \/>\n<a title=\"vortraggal_feminismusschiller.pdf\" href=\"http:\/\/www.obn.org\/faq\/content.html\">FAQ des \u2018Old Boys Network\u2019<\/a><br \/>\n<a href=\"http:\/\/paedpsych.jk.uni-linz.ac.at\/INTERNET\/ARBEITSBLAETTERORD\/WISSENSCHAFT\/FoersterInterview.html\">Im Gespr\u00e4ch: Heinz von Foerster<\/a><br \/>\n<a href=\"http:\/\/www.heise.de\/tp\/r4\/html\/result.xhtml?url=\/tp\/r4\/artikel\/6\/6240\/1.html&amp;words=Foerster%201998%20sehe&amp;T=foerster%201998%20sehe\">Heinz von Foerster \u00fcber die Entwicklung der Kybernetik<\/a><br \/>\n<a href=\"http:\/\/www.stanford.edu\/dept\/HPS\/Haraway\/CyborgManifesto.html\">Donna Haraways\u00a0<em>Cyborg Manifesto<\/em><\/a><br \/>\n<strong>Gleich? Besser? Anders? \u2013 Feministische Theorien seit 1945<\/strong><br \/>\nSkriptum zum Vortrag von Mag.a Anna Schiller f\u00fcr das Gender Art Laboratory der Angewandten im WS 2007\/08<br \/>\n<a title=\"vortraggal_feminismusschiller.pdf\" href=\"http:\/\/www1.uni-ak.ac.at\/gender\/wp-content\/vortraggal_feminismusschiller.pdf\">vortraggal_feminismusschiller.pdf<\/a><br \/>\n<strong>Rede<\/strong>\u00a0von Marion Elias anl\u00e4\u00dflich der Ausstellungser\u00f6ffnung im Haus Wittgenstein am 12. 6. 2007<br \/>\n<a title=\"Rede Wittgenstein\" href=\"http:\/\/www1.uni-ak.ac.at\/gender\/wp-content\/rede-wittgenstein.pdf\">Rede Wittgenstein<\/a><br \/>\n<strong>Der Weg zum parlamentarischen Frauenwahlrecht in Deutschland und \u00d6sterreich<\/strong><br \/>\nVortrag von Isabell Seumel im Rahmen des Gender Art Lab am 10. 1. 2007<br \/>\n<a id=\"p203\" href=\"http:\/\/www1.uni-ak.ac.at\/gender\/wp-content\/Frauenwahlrecht.pdf\">Frauenwahlrecht (pdf)<\/a><br \/>\n<a id=\"p174\" href=\"http:\/\/www1.uni-ak.ac.at\/gender\/wordpress\/wp-content\/Frauenwahlrecht.pdf\"><\/a><a id=\"p204\" href=\"http:\/\/www1.uni-ak.ac.at\/gender\/wp-content\/Frauenwahlrecht_Powerpoint.pdf\">Frauenwahlrecht Pr\u00e4sentation (pdf)<\/a><strong><br \/>\nMichel Foucaults Machtbegriff und seine Rezeption innerhalb der Gender Studies<\/strong><br \/>\nVortrag von Anna Schiller im Rahmen des Gender Art Lab am 26. 4. 2006<a id=\"p202\" href=\"http:\/\/www1.uni-ak.ac.at\/gender\/wp-content\/Skriptum_Focault_Schiller.pdf\"><br \/>\nFoucaults Machtbegriff (pdf)<\/a><br \/>\n<strong>\u201cBildhauerei\u201d klassische Techniken<\/strong><br \/>\nVortrag von Fabian Vogler im Rahmen des Gender Art Lab im SS06<br \/>\n<a id=\"p208\" href=\"http:\/\/www1.uni-ak.ac.at\/gender\/wp-content\/Bildhauertechniken.pdf\">Bildhauertechniken (pdf)<\/a><br \/>\n<strong>Farbe und Lebensmittel als genderspezifische Marken Pr\u00e4sentation<\/strong><br \/>\nVortrag von Isabell Seumel<br \/>\n<a title=\"Farbe und Lebensmittel als genderspezifische Marken Pr\u00e4sentation\" href=\"http:\/\/www1.uni-ak.ac.at\/gender\/wp-content\/farbe-und-lebensmittel-als-genderspezifische-marken.pdf\">Farbe und Lebensmittel als genderspezifische Marken (Pr\u00e4sentation als pdf)<\/a><\/p>\n","protected":false},"excerpt":{"rendered":"<p>Texte aus dem GAL:Texte zum Vortrag von VAss.in Mag.a Veronika Schnell zu Kybernetik und Gender FAQ des \u2018Old Boys Network\u2019 Im Gespr\u00e4ch: Heinz von Foerster<\/p>\n","protected":false},"author":1,"featured_media":0,"parent":0,"menu_order":0,"comment_status":"closed","ping_status":"closed","template":"","meta":{"footnotes":""},"class_list":["post-18","page","type-page","status-publish","hentry"],"_links":{"self":[{"href":"https:\/\/gender.dieangewandte.at\/index.php?rest_route=\/wp\/v2\/pages\/18","targetHints":{"allow":["GET"]}}],"collection":[{"href":"https:\/\/gender.dieangewandte.at\/index.php?rest_route=\/wp\/v2\/pages"}],"about":[{"href":"https:\/\/gender.dieangewandte.at\/index.php?rest_route=\/wp\/v2\/types\/page"}],"author":[{"embeddable":true,"href":"https:\/\/gender.dieangewandte.at\/index.php?rest_route=\/wp\/v2\/users\/1"}],"replies":[{"embeddable":true,"href":"https:\/\/gender.dieangewandte.at\/index.php?rest_route=%2Fwp%2Fv2%2Fcomments&post=18"}],"version-history":[{"count":1,"href":"https:\/\/gender.dieangewandte.at\/index.php?rest_route=\/wp\/v2\/pages\/18\/revisions"}],"predecessor-version":[{"id":19,"href":"https:\/\/gender.dieangewandte.at\/index.php?rest_route=\/wp\/v2\/pages\/18\/revisions\/19"}],"wp:attachment":[{"href":"https:\/\/gender.dieangewandte.at\/index.php?rest_route=%2Fwp%2Fv2%2Fmedia&parent=18"}],"curies":[{"name":"wp","href":"https:\/\/api.w.org\/{rel}","templated":true}]}}