{"id":13,"date":"2018-03-22T10:10:21","date_gmt":"2018-03-22T10:10:21","guid":{"rendered":"https:\/\/gal.uni-ak.ac.at\/?page_id=13"},"modified":"2024-03-06T08:50:49","modified_gmt":"2024-03-06T08:50:49","slug":"arbeitskreis-fuer-gleichbehandlungsfragen","status":"publish","type":"page","link":"https:\/\/gender.dieangewandte.at\/?page_id=13","title":{"rendered":"Arbeitskreis f\u00fcr Gleichbehandlungsfragen"},"content":{"rendered":"<p><img loading=\"lazy\" decoding=\"async\" class=\"size-full wp-image-16 aligncenter\" src=\"https:\/\/gender.dieangewandte.at\/wp-content\/uploads\/2018\/03\/AfG-Schriftzug-bit.thumbnail.jpg\" alt=\"\" width=\"128\" height=\"55\" \/><\/p>\n<p>T\u00e4tigkeitsbereiche des Arbeitskreises f\u00fcr Gleichbehandlungsfragen an der Universit\u00e4t f\u00fcr angewandte Kunst aufgrund seines gesetzlichen Auftrags (UG 2002 \u00a7 42 Abs 1 und Bundes-Gleichbehandlungsgesetz, BGBl 100\/1993 idF BGBl I 65\/2004 \u00a741 Abs 2<\/p>\n<blockquote>\n<p>\u201cAn jeder Universit\u00e4t ist vom Senat ein Arbeitskreis f\u00fcr Gleichbehandlungsfragen einzurichten, dessen Aufgabe es ist, Diskriminierungen durch Universit\u00e4tsorgane auf Grund des Geschlechts entgegenzuwirken und die Angeh\u00f6rigen und Organe der Universit\u00e4t in Fragen der Gleichstellung von Frauen und M\u00e4nnern sowie der Frauenf\u00f6rderung zu beraten und zu unterst\u00fctzen (\u00a7 42 Abs 1 UG 2002). Au\u00dferdem ist der AfG f\u00fcr Agenden der Gleichbehandlung ohne Unterschied der ethnischen Zugeh\u00f6rigkeit, der Religion oder der Weltanschauung, des Alters oder der sexuellen Orientierung zust\u00e4ndig (\u00a7 41 Abs 2 B-GlBG)[Bundes-Gleichbehandlungsgesetz, BGBl 100\/1993 idF BGBl I 65\/2004].\u201d<\/p>\n<\/blockquote>\n<ul>\n<li>Beratung und Unterst\u00fctzung aller an der Universit\u00e4t arbeitenden, lehrenden, forschenden, studierenden Personen und BewerberInnen zu Fragen der Gleichstellung, der Frauenf\u00f6rderung und des Diskriminierungsschutzes.<\/li>\n<li>Begleitung von Personalangelegenheiten der Universit\u00e4t, z.B. Ausschreibungs-, Habilitations- oder Berufungsverfahren.<\/li>\n<li>Vertretung in beratender Funktion im Universit\u00e4tsrat sowie im Senat und in von diesem bestellten Gremien.<\/li>\n<li>Entscheidungsfindung:Besteht der begr\u00fcndete Verdacht einer Diskriminierung im Zusammenhang mit dem Entscheid eines Universit\u00e4tsorganes, kann diese Entscheidung gem\u00e4\u00df den gesetzlichen Bestimmungen beeinsprucht werden.<\/li>\n<li>Anlaufstelle f\u00fcr F\u00e4lle von Mobbing und sexueller bzw. Bel\u00e4stigung aufgrund des Geschlechts. Vertrauliche Beratung und\/oder Vermittlung zu professioneller Unterst\u00fctzung.<\/li>\n<\/ul>\n<p>Dar\u00fcberhinaus versucht der Arbeitskreis f\u00fcr Gleichbehandlungsfragen, \u00fcber Stellungnahmen oder in pers\u00f6nlichen Gespr\u00e4chen mit den leitenden Universit\u00e4tsangeh\u00f6rigen auf eine geschlechtergerechte Personal- und Organisationspolitik hinzuwirken.Gleichbehandlung und Gleichstellung soll \u2013 vor allem im universit\u00e4ren Bereich \u2013 schlichtweg selbstverst\u00e4ndlich sein. Als unabh\u00e4ngiges Gremium wird der AfG sich weiterhin f\u00fcr die Etablierung und Realisierung dieser Selbstverst\u00e4ndlichkeit einsetzen.<br \/>Die Mitglieder sind \u00fcber das B\u00fcro des Arbeitskreises f\u00fcr Gleichbehandlung an der Universit\u00e4t f\u00fcr angewandte Kunst Wien erreichbar.<\/p>\n<p style=\"font-weight: 400;\"><strong>Kontakt:<\/strong><br \/>Tel. +43-1-71133 DW 2150,\u00a0\u00a0<br \/><a href=\"mailto:gleichbehandlung@uni-ak.ac.at\">afg@uni-ak.ac.at<\/a><\/p>\n<p style=\"font-weight: 400;\">Erreichbarkeit: <a href=\"https:\/\/www.dieangewandte.at\/universitaet\/standorte\/standort_detail?standort_id=1462559453193\">Expositur Vordere Zollamtsstra\u00dfe 7 = VZA7<\/a>, 4. Stock, 1030 Wien\u00a0<\/p>\n<p style=\"font-weight: 400;\">Sie k\u00f6nnen unser B\u00fcro sowohl als betroffene Person als auch als Zeug*in telefonisch, schriftlich oder per E-Mail kontaktieren. Wir behandeln ihr Anliegen vertraulich!<\/p>\n<p>B\u00fcro: Eva Hinterbuchinger, FOI<\/p>\n<p>Sprechzeiten Dienstag und Donnerstag nur nach telefonischer Voranmeldung<\/p>\n<p>Beratung nach Vereinbarung \u00fcber Email oder Telefon<\/p>\n<div class=\"page\" title=\"Page 1\">\n<div class=\"layoutArea\">\n<div class=\"column\">\n<p>Vorsitz:<br \/>Univ.-Prof. Dr. phil. Dipl. Sozw. Nanna HEIDENREICH<br \/>1. stellvertretender Vorsitzender: Sen. Art. Mag. art. Stefan WIRNSPERGER\u00a0<br \/>2. stellvertretende Vorsitzende: Astrid Poyer<\/p>\n<p>Mitglieder:<\/p>\n<p>Vertreter:innen der Universit\u00e4tsprofessor:innen einschlie\u00dflich der Leiter:innen von Organisationseinheiten mit Forschungs- und Lehraufgaben oder Aufgaben der Entwicklung und Erschlie\u00dfung der K\u00fcnste und der Lehre der Kunst, die keine Universit\u00e4tsprofessor:innen sind<\/p>\n<p>Univ.-Prof. Olga GRJASNOWA, BA<br \/>Univ.-Prof. Dr. phil. Dipl. Sozw. Nanna HEIDENREICH<br \/>Univ.-Prof. Mag. art. Dr. phil. Ruth MATEUS-BERR<br \/>Univ.-Prof. Marina Vishmidt, Phd (Kunsttheorie)<\/p>\n<p>Ersatzmitglied:<br \/>Univ.-Prof. Mag. Dr. phil. Gabriele JUTZ<\/p>\n<p>Vertreter:innen der Gruppe der Universit\u00e4tsdozent:innen sowie der wissenschaftlichen und k\u00fcnstlerischen Mitarbeiter:innen im Forschungs-, Kunst- und Lehrbetrieb<\/p>\n<p>Sen. Lect. MMag. art. Caroline HEIDER<br \/>Univ.-Ass. Mag. arch. Daniela KR\u00d6HNERT<br \/>Astrid POYER, wiss. Mitarb.<br \/>Sen. Sc. Mag. phil. Dr. phil. Monica TITTON<br \/>Sen. Art. Mag. art. Stefan WIRNSPERGER<\/p>\n<p>Ersatzmitglied:<br \/>Sen. Sc. Mag. art. Hannes LOICHINGER<\/p>\n<p>Vertreter:innen der Studierenden<\/p>\n<p>Lucie B. B. DAVID<br \/>Fricke LINDEMANN BA<\/p>\n<p>Ersatzmitglieder:<br \/>N.N.<br \/>N.N.<\/p>\n<p>Vertreter:innen des allgemeinen Universit\u00e4tspersonals<\/p>\n<p>Zehra BARA\u00c7KILI\u00c7, BA MA<br \/>Mag. phil. Doris L\u00d6FFLER, MBA<br \/>Julia SPRENGER, BA MA<br \/>Georges YOUNES, BA MSc<\/p>\n<p>Ersatzmitglied:<br \/>Andrea KLAURA , MSc MA<\/p>\n<\/div>\n<\/div>\n<\/div>\n<p>Der Arbeitskreis f\u00fcr Gleichbehandlungsfragen der Universit\u00e4t f\u00fcr angewandte Kunst Wien steht, als unabh\u00e4ngiges Gremium kompetenzm\u00e4\u00dfig strikt getrennt, in kollegialer Relation zur Koordinationsstelle f\u00fcr Genderfragen, um auch in optimaler Zusammenarbeit die Themenkreise ad Genderpolitik, Gender Mainstreaming und Gender Studies voranzutreiben. Aus dem AfG entstandene, \u00fcber die Koordinationsstelle f\u00fcr Genderfragen realisierte Projekte:Vortragsreihe Gender Studies im project space der Kunsthalle Wien, Projektleitung: Koordinationsstelle f\u00fcr Genderfragen, Gender Art Laboratory, Leitung: Marion Elias<\/p>\n\n\n<p><\/p>\n","protected":false},"excerpt":{"rendered":"<p>T\u00e4tigkeitsbereiche des Arbeitskreises f\u00fcr Gleichbehandlungsfragen an der Universit\u00e4t f\u00fcr angewandte Kunst aufgrund seines gesetzlichen Auftrags (UG 2002 \u00a7 42 Abs 1 und Bundes-Gleichbehandlungsgesetz, BGBl 100\/1993<\/p>\n","protected":false},"author":1,"featured_media":0,"parent":0,"menu_order":0,"comment_status":"closed","ping_status":"closed","template":"","meta":{"footnotes":""},"class_list":["post-13","page","type-page","status-publish","hentry"],"_links":{"self":[{"href":"https:\/\/gender.dieangewandte.at\/index.php?rest_route=\/wp\/v2\/pages\/13","targetHints":{"allow":["GET"]}}],"collection":[{"href":"https:\/\/gender.dieangewandte.at\/index.php?rest_route=\/wp\/v2\/pages"}],"about":[{"href":"https:\/\/gender.dieangewandte.at\/index.php?rest_route=\/wp\/v2\/types\/page"}],"author":[{"embeddable":true,"href":"https:\/\/gender.dieangewandte.at\/index.php?rest_route=\/wp\/v2\/users\/1"}],"replies":[{"embeddable":true,"href":"https:\/\/gender.dieangewandte.at\/index.php?rest_route=%2Fwp%2Fv2%2Fcomments&post=13"}],"version-history":[{"count":20,"href":"https:\/\/gender.dieangewandte.at\/index.php?rest_route=\/wp\/v2\/pages\/13\/revisions"}],"predecessor-version":[{"id":137,"href":"https:\/\/gender.dieangewandte.at\/index.php?rest_route=\/wp\/v2\/pages\/13\/revisions\/137"}],"wp:attachment":[{"href":"https:\/\/gender.dieangewandte.at\/index.php?rest_route=%2Fwp%2Fv2%2Fmedia&parent=13"}],"curies":[{"name":"wp","href":"https:\/\/api.w.org\/{rel}","templated":true}]}}